{"id":314,"date":"2019-10-17T15:29:21","date_gmt":"2019-10-17T13:29:21","guid":{"rendered":"http:\/\/www.lichtwerk.co.at\/?page_id=314"},"modified":"2021-11-17T15:10:42","modified_gmt":"2021-11-17T14:10:42","slug":"impressum","status":"publish","type":"page","link":"https:\/\/www.lichtwerk.co.at\/index.php\/impressum\/","title":{"rendered":"Impressum"},"content":{"rendered":"<div  id=\"about-us-2\" class=\"about-image-section-pro\" style=\"background-color: #ffffff;\" data-label=\"About us\" data-id=\"about-image-section-pro\" data-category=\"about\">\n<div  class=\"gridContainer\">\n<div  class=\"row about-image-gridcol-pro\">\n<div  class=\"about-image-textcol-pro\" data-type=\"column\">\n<h2  class=\"\">IMPRESSUM<\/h2>\n<p  class=\"\"><span  style=\"font-weight: 400;\">HAFTUNGSAUSSCHLUSS<\/span><\/p>\n<p  class=\"\">Alle Inhalte werden sorgf\u00e4ltig gepr\u00fcft und st\u00e4ndig aktualisiert. Eine Garantie f\u00fcr die Vollst\u00e4ndigkeit, Richtigkeit und letzte Aktualit\u00e4t kann dennoch nicht \u00fcbernommen werden. Der Herausgeber kann daher nicht f\u00fcr Sch\u00e4den haftbar gemacht werden, die in Zusammenhang mit der Verwendung dieser Inhalte stehen. Soweit durch Verlinkung auf andere Server weitere Informationen zug\u00e4nglich gemacht werden, weist der Herausgeber darauf hin, dass eine Inhaltskontrolle insoweit nicht stattfindet und jegliche Haftung ausgeschlossen ist.<\/p>\n\n<p  class=\"\"><span  style=\"font-weight: 400;\">COPYRIGHT<\/span><\/p>\n<p  class=\"\">Die auf dieser Homepage pr\u00e4sentierten Inhalte sind urheberrechtlich gesch\u00fctzt. Alle Rechte sind vorbehalten. Die Vervielf\u00e4ltigung, \u00dcbersetzung, Ver\u00f6ffentlichung, \u00dcberarbeitung, Weitergabe an Dritte oder die Verwendung in elektronischen Systemen von Inhalten wie Texten, Bildern, Grafiken und Animationen, auch auszugsweise, ist ohne die schriftliche Zustimmung des Herausgebers urheberrechtswidrig und daher strafbar. Bei Zuwiderhandeln behalten wir uns rechtliche Schritte vor. Werden eingetragene Warenzeichen, Handelsnamen und Gebrauchsnamen verwendet, auch wenn diese nicht als solche gekennzeichnet sind, gelten die entsprechenden Schutzbestimmungen.<\/p>\n<p  class=\"\">&nbsp;<\/p>\n<p  class=\"\"><span  style=\"font-weight: 400;\">IMPRESSUM<\/span><\/p>\n<p  class=\"\">Niklas Waclawek, Eventconnect<\/p>\n<p  class=\"\">Hofj\u00e4gerstrasse 8\/2\/9<\/p>\n<p  class=\"\">A-1130 Wien \/ \u00d6sterreich<\/p>\n<p  class=\"\"><span  style=\"font-weight: 400;\">BANKVERBINDUNG<\/span><\/p>\n<p  class=\"\">Raiffeisenlandesbank NOE-Wien-AG<\/p>\n<p  class=\"\">IBAN: AT91 3200 0000 0304 9871<\/p>\n<p  class=\"\">BIC: RLNWATWW<\/p>\n<p  class=\"\">UID: ATU54535409<\/p>\n<p  class=\"\">GLN (der \u00f6ffentlichen Verwaltung) 9110006189669<\/p>\n<p  class=\"\">Beh\u00f6rde gem. ECG (E-Commerce Gesetz) Magistratisches Bezirksamt des XIII. Bezirkes<\/p>\n<p  class=\"\">Mitglied der Wirtschaftskammer Wien, FG Gewerbliche Dienstleister<\/p>\n<\/div>\n<div  class=\"\" data-type=\"column\">&nbsp;<\/div>\n<\/div>\n<\/div>\n<\/div>","protected":false},"excerpt":{"rendered":"<p>IMPRESSUM HAFTUNGSAUSSCHLUSS Alle Inhalte werden sorgf\u00e4ltig gepr\u00fcft und st\u00e4ndig aktualisiert. Eine Garantie f\u00fcr die Vollst\u00e4ndigkeit, Richtigkeit und letzte Aktualit\u00e4t kann dennoch nicht \u00fcbernommen werden. Der Herausgeber kann daher nicht f\u00fcr Sch\u00e4den haftbar gemacht werden, die in Zusammenhang mit der Verwendung dieser Inhalte stehen. Soweit durch Verlinkung auf andere Server weitere Informationen zug\u00e4nglich gemacht werden, weist&hellip; <br \/> <a class=\"button small blue\" href=\"https:\/\/www.lichtwerk.co.at\/index.php\/impressum\/\">Weiterlesen<\/a><\/p>\n","protected":false},"author":1,"featured_media":0,"parent":0,"menu_order":0,"comment_status":"closed","ping_status":"closed","template":"full-width-page.php","meta":{"footnotes":""},"class_list":["post-314","page","type-page","status-publish","hentry"],"_links":{"self":[{"href":"https:\/\/www.lichtwerk.co.at\/index.php\/wp-json\/wp\/v2\/pages\/314"}],"collection":[{"href":"https:\/\/www.lichtwerk.co.at\/index.php\/wp-json\/wp\/v2\/pages"}],"about":[{"href":"https:\/\/www.lichtwerk.co.at\/index.php\/wp-json\/wp\/v2\/types\/page"}],"author":[{"embeddable":true,"href":"https:\/\/www.lichtwerk.co.at\/index.php\/wp-json\/wp\/v2\/users\/1"}],"replies":[{"embeddable":true,"href":"https:\/\/www.lichtwerk.co.at\/index.php\/wp-json\/wp\/v2\/comments?post=314"}],"version-history":[{"count":6,"href":"https:\/\/www.lichtwerk.co.at\/index.php\/wp-json\/wp\/v2\/pages\/314\/revisions"}],"predecessor-version":[{"id":5305,"href":"https:\/\/www.lichtwerk.co.at\/index.php\/wp-json\/wp\/v2\/pages\/314\/revisions\/5305"}],"wp:attachment":[{"href":"https:\/\/www.lichtwerk.co.at\/index.php\/wp-json\/wp\/v2\/media?parent=314"}],"curies":[{"name":"wp","href":"https:\/\/api.w.org\/{rel}","templated":true}]}}