{"id":306,"date":"2019-10-17T15:22:34","date_gmt":"2019-10-17T13:22:34","guid":{"rendered":"http:\/\/www.lichtwerk.co.at\/?page_id=306"},"modified":"2021-11-17T15:07:33","modified_gmt":"2021-11-17T14:07:33","slug":"dsgvo","status":"publish","type":"page","link":"https:\/\/www.lichtwerk.co.at\/index.php\/dsgvo\/","title":{"rendered":"DSGVO"},"content":{"rendered":"<div class=\"wp-block-group\"><div class=\"wp-block-group__inner-container is-layout-flow wp-block-group-is-layout-flow\"><div class=\"wp-block-group\"><div class=\"wp-block-group__inner-container is-layout-flow wp-block-group-is-layout-flow\"><div id=\"about-us-2\" class=\"about-image-section-pro\" style=\"background-color: #ffffff; background-image: none;\" data-label=\"About us\" data-id=\"about-image-section-pro\" data-category=\"about\" data-ovid=\"ovid-about-us-2-358\">\n<div class=\"gridContainer\">\n<div class=\"row about-image-gridcol-pro\">\n<div class=\"about-image-textcol-pro\" data-type=\"column\">\n<h2 class=\"\">DATENSCHUTZ \u201eDSGVO\u201c<\/h2>\n<p class=\"\"><strong>1. Geltungsbereich<\/strong><\/p>\n<p>EventConnect, Niklas Waclawek, Hofj\u00e4gerstrasse 8\/2\/9, 1130 Wien, \u00d6sterreich, Telefon: +43 1 922 54 59, E-Mail: head@eventconnect.at (\u201eEventconnect\u201c, \u201ewir\u201c, \u201euns\u201c) ist es ein wichtiges Anliegen, Ihre personenbezogenen Daten ausreichend zu sch\u00fctzen. EventConnect beachtet deshalb die anwendbaren Rechtsvorschriften zum Schutz, rechtm\u00e4\u00dfigen Umgang und Geheimhaltung personenbezogener Daten, sowie auch zur Datensicherheit.<\/p>\n<p>Diese Datenschutzerkl\u00e4rung kl\u00e4rt Sie \u00fcber die Art, den Umfang und die Zwecke der Erhebung und Verwendung Ihrer personenbezogener Daten durch EventConnect auf, wenn Sie die Website www.eventconnect.at (\u201eWebsite\u201c) besuchen und nutzen.<\/p>\n<p>Die Erhebung, Verarbeitung und Nutzung aller Daten erfolgt auf der Grundlage der jeweils geltenden gesetzlichen Bestimmungen, insbesondere der Datenschutzgrundverordnung (\u201eDSGVO\u201c) und des Telekommunikationsgesetzes (\u201eTKG\u201c).<\/p>\n<p><strong style=\"font-size: inherit;\">2. Zugriffsdaten\/ Server-Logfiles<\/strong><\/p>\n<p><span style=\"font-size: inherit;\">EventConnect (beziehungsweise sein Webspace-Provider als Dienstleister von EventConnect) erhebt Daten \u00fcber jeden Zugriff auf die Website (so genannte Serverlogfiles). Zu den Zugriffsdaten geh\u00f6ren:<\/span><\/p>\n<p><span style=\"font-size: inherit;\">Name der abgerufenen Webseite, Datei, Datum und Uhrzeit des Abrufs, \u00fcbertragene Datenmenge, Meldung \u00fcber erfolgreichen Abruf, Browsertyp nebst Version, das Betriebssystem des Nutzers, Referrer URL (die zuvor besuchte Seite), IP-Adresse und der anfragende Provider.<\/span><\/p>\n<p><span style=\"font-size: inherit;\">EventConnect verwendet diese Zugriffsdaten nur f\u00fcr statistische Auswertungen zum Zweck des Betriebs, der Sicherheit und der Optimierung der Website. EventConnect beh\u00e4lt sich jedoch vor, die Protokolldaten nachtr\u00e4glich zu \u00fcberpr\u00fcfen, wenn aufgrund konkreter Anhaltspunkte der berechtigte Verdacht einer rechtswidrigen Nutzung besteht.<\/span><\/p>\n<p><strong style=\"font-size: inherit;\">3. Umgang mit personenbezogenen Daten<\/strong><\/p>\n<p><span style=\"font-size: inherit;\">Personenbezogene Daten sind Informationen, mit deren Hilfe eine Person bestimmbar ist, also Angaben, die zur\u00fcck zu einer Person verfolgt werden k\u00f6nnen. Dazu geh\u00f6ren etwa der Name, die Emailadresse oder die Telefonnummer. <\/span><\/p>\n<p><span style=\"font-size: inherit;\">EventConnect weist darauf hin, dass die personenbezogenen Daten, die die Nutzer EventConnect proaktiv \u2013 z.B. im Rahmen einer Registrierung, Bestellung oder Kontaktaufnahme \u2013 zur Verf\u00fcgung stellen, gespeichert und nur im Rahmen der Vertragserf\u00fcllung, sowie zur Verbesserung des Angebots und zur nachtr\u00e4glichen Kontaktaufnahme von EventConnect verarbeitet werden. Eine Weitergabe der Daten an Dritte \u2013 au\u00dfer gegen\u00fcber Beh\u00f6rden oder gesetzlichen Auskunftsanspr\u00fcchen Dritter \u2013 erfolgt nicht. <\/span><\/p>\n<p><span style=\"font-size: inherit;\">F\u00fcr den Abschluss und die Abwicklung eines Vertrages mit EventConnect (also einer Registrierung und Bestellung) sind bestimmte personenbezogene Daten notwendig und daher von Ihnen anzugeben.<\/span><\/p>\n<\/div>\n<\/div>\n<div class=\"row about-image-gridcol-pro\">\n<div class=\"about-image-textcol-pro\" data-type=\"column\">\n<p><strong style=\"font-size: inherit;\">4. Kontaktaufnahme<\/strong><\/p>\n<p><span style=\"font-size: inherit;\">Bei der aktiven Kontaktaufnahme durch den Nutzer mit EventConnect Wien (zum Beispiel per Kontaktformular oder E-Mail) werden die Daten und Angaben des Nutzers zwecks Bearbeitung der Anfrage sowie f\u00fcr den Fall, dass Anschlussfragen entstehen, gespeichert. <\/span><\/p>\n<p><strong style=\"font-size: inherit;\">5. Kommentare und Beitr\u00e4ge<\/strong><\/p>\n<\/div>\n<\/div>\n<\/div>\n<div class=\"gridContainer\">\n<div class=\"row about-image-gridcol-pro\">\n<div class=\"about-image-textcol-pro\" data-type=\"column\">\n<p>Wenn Nutzer Kommentare auf der Website oder sonstige Beitr\u00e4ge hinterlassen, werden ihre IP-Adressen gespeichert. Das erfolgt zur Sicherheit von EventConnect, falls jemand in Kommentaren und Beitr\u00e4gen widerrechtliche Inhalte schreibt (Beleidigungen, verbotene politische Propaganda, etc.). In diesem Fall k\u00f6nnte EventConnect selbst f\u00fcr den Kommentar oder Beitrag belangt werden und besteht daher ein \u00fcberwiegendes rechtliches Interesse an der Speicherung der Nutzer-IP-Adressen.<\/p>\n<p><strong>6. Newsletter<\/strong><\/p>\n<p>Mit unserem Newsletter informieren wir Sie regelm\u00e4\u00dfig \u00fcber uns und unsere Angebote.<\/p>\n<p>Mit Ihrer im Rahmen der Bestellung oder Registrierung erteilten Zustimmung werden wir Ihre E-Mail-Adresse sowie Ihren Namen auch f\u00fcr Zwecke der Zusendung von Newslettern verwenden. Diese Daten werden nur f\u00fcr den Versand der Newsletter verwendet und werden nicht an Dritte weiter gegeben.<\/p>\n<p>Mit der Anmeldung zum Newsletter speichern wir au\u00dferdem Ihre IP-Adresse und das Datum der Anmeldung. Diese Speicherung dient alleine dem Nachweis im Fall, dass ein Dritter eine Emailadresse missbraucht und sich ohne Wissen des Berechtigten f\u00fcr den Newsletterempfang anmeldet.<\/p>\n<p>Sie k\u00f6nnen dieser Nutzung Ihrer personenbezogenen Daten f\u00fcr Newsletter jederzeit (zB per E-Mail an head@eventconnect.at) widersprechen bzw. eine bereits erteilte Zustimmung widerrufen. Der Widerruf kann auch \u00fcber einen Link in den Newslettern selbst, in Ihrem Profilbereich oder per Mitteilung an die oben stehenden Kontaktm\u00f6glichkeiten erfolgen. Nach Erhalt des Widerrufs stellen wir die weitere Zusendung von Newslettern umgehend ein und l\u00f6schen die damit verbundenen personenbezogenen Daten, soweit sie f\u00fcr die Abwicklung von Vertr\u00e4gen nicht erforderlich sind.<\/p>\n<p>Wenn Sie unsere Newsletter an Dritte weiterleiten, sind Sie verpflichtet, die rechtlichen Bestimmungen einzuhalten und sich die Vorabzustimmung des Empf\u00e4ngers einzuholen. Sofern ein Dritter wegen Weiterleitungen eines Newsletters durch Sie Anspr\u00fcche gegen EventConnect erhebt, werden Sie EventConnect hinsichtlich aller damit zusammenh\u00e4ngenden Anspr\u00fcche einschlie\u00dflich Strafen und Kosten der Rechtsverteidigung schad- und klaglos halten.<\/p>\n<p><strong>7. Einbindung von Diensten und Inhalten Dritter<\/strong><\/p>\n<p>Es kann vorkommen, dass innerhalb der Website Inhalte Dritter, wie zum Beispiel Videos von YouTube oder Vimeo, Kartenmaterial von Google-Maps, RSS-Feeds oder Grafiken von anderen Webseiten eingebunden werden. Dies setzt immer voraus, dass die hinter diesen Diensten stehenden Anbieter der Inhalte (nachfolgend bezeichnet als \u201eDritt-Anbieter\u201c) die IP-Adresse der Nutzer wahrnehmen. Denn ohne die IP-Adresse k\u00f6nnten die Dritt-Anbieter die Inhalte nicht an den Browser des jeweiligen Nutzers senden. Die IP-Adresse ist daher f\u00fcr die Darstellung der vom Nutzer aufgerufenen Inhalte erforderlich. Wir bem\u00fchen uns, nur solche Inhalte zu verwenden, deren jeweilige Dritt-Anbieter die IP-Adresse lediglich zur Auslieferung der Inhalte verwenden. Jedoch haben wir keinen Einfluss darauf, falls die Dritt-Anbieter die IP-Adresse z.B. f\u00fcr statistische Zwecke speichern. Soweit dies uns bekannt ist, kl\u00e4ren wir die Nutzer dar\u00fcber auf.<\/p>\n<p><strong>8. Cookies<\/strong><\/p>\n<p>Cookies sind kleine Textdateien, die auf Ihrem Ger\u00e4t (z.B. PC, Tablet oder Smartphone) abgelegt werden und die Ihr Browser speichert. Cookies dienen zum einem der Benutzerfreundlichkeit der Webseite und damit den Nutzern (z.B. Speicherung von Logindaten). Zum anderen dienen sie dazu, statistische Daten der Webseitennutzung zu erfassen und sie zwecks Verbesserung der Website analysieren zu k\u00f6nnen. Die Nutzer k\u00f6nnen auf den Einsatz der Cookies Einfluss nehmen. Die meisten Browser verf\u00fcgen eine Option mit der das Speichern von Cookies eingeschr\u00e4nkt oder komplett verhindert wird. Allerdings wird darauf hingewiesen, dass die Nutzung der Website und insbesondere der Nutzungskomfort ohne Cookies eingeschr\u00e4nkt werden k\u00f6nnen.<\/p>\n<p>Wie die meisten Websites, verwendet EventConnect, sofern Sie dazu Ihre Zustimmung erteilt haben, Cookies, um die Online-Nutzung durch Sie zu verbessern. Durch unsere Cookies werden Ihre IP-Adresse, Ihre Aktivit\u00e4ten auf der Website, sowie die von Ihnen selbst eingegebenen Daten zum Zweck der Verbesserung unserer Website und der angebotenen Dienste erhoben und verarbeitet. Wenn Sie Ihre Zustimmung nicht erteilen, erfassen wir lediglich anonyme Daten um zB die Gesamtanzahl der Besucher unserer Website feststellen zu k\u00f6nnen.<\/p>\n<p>Sie k\u00f6nnen dieser Nutzung Ihrer personenbezogenen Daten durch unsere Cookies jederzeit (zB per E-Mail an head@eventconnect.at) widersprechen bzw eine bereits erteilte Zustimmung widerrufen.<\/p>\n<p><strong>9. Google Analytics<\/strong><\/p>\n<p>Die Website benutzt, sofern Sie der Cookie-Nutzung zugestimmt haben, Google Analytics, einen Webanalysedienst der Google Inc. (\u201eGoogle\u201c). Google Analytics verwendet Cookies um eine Analyse der Benutzung der Website zu erm\u00f6glichen. Die durch den Cookie erzeugten Informationen \u00fcber Benutzung dieser Website durch die Nutzer werden in der Regel an einen Server von Google in den USA \u00fcbertragen und dort gespeichert.<\/p>\n<p>Im Falle der Aktivierung der IP-Anonymisierung auf der Webseite, wird die IP-Adresse der Nutzer von Google innerhalb von Mitgliedstaaten der Europ\u00e4ischen Union oder in anderen Vertragsstaaten des Abkommens \u00fcber den Europ\u00e4ischen Wirtschaftsraum zuvor gek\u00fcrzt. Nur in Ausnahmef\u00e4llen wird die volle IP-Adresse an einen Server von Google in den USA \u00fcbertragen und dort gek\u00fcrzt. Die IP-Anonymisierung ist auf dieser Website aktiv. Im Auftrag von EventConnect wird Google diese Informationen benutzen, um die Nutzung der Website durch die Nutzer auszuwerten, um Reports \u00fcber die Websiteaktivit\u00e4ten zusammenzustellen und um weitere mit der Websitenutzung und der Internetnutzung verbundene Dienstleistungen gegen\u00fcber dem Websitebetreiber zu erbringen. Auch wird Google diese Informationen gegebenenfalls an Dritte \u00fcbertragen, sofern dies gesetzlich vorgeschrieben ist oder Dritte diese Daten im Auftrag von Google verarbeiten.<\/p>\n<p>Die im Rahmen von Google Analytics von Ihrem Browser \u00fcbermittelte IP-Adresse wird nicht mit anderen Daten von Google zusammengef\u00fchrt. Die Nutzer k\u00f6nnen die Speicherung der Cookies durch eine entsprechende Einstellung Ihrer Browser-Software verhindern. EventConnect weist die Nutzer jedoch darauf hin, dass Sie in diesem Fall gegebenenfalls nicht s\u00e4mtliche Funktionen der Website vollumf\u00e4nglich werden nutzen k\u00f6nnen. Die Nutzer k\u00f6nnen dar\u00fcber hinaus die Erfassung der durch das Cookie erzeugten und auf ihre Nutzung der Website bezogenen Daten (inkl. Ihrer IP-Adresse) an Google sowie die Verarbeitung dieser Daten durch Google verhindern, indem sie das unter dem folgenden Link verf\u00fcgbare Browser-Plugin herunterladen und installieren:http:\/\/tools.google.com\/dlpage\/gaoptout?hl=de.<\/p>\n<p>Alternativ zum Browser-Add-On oder innerhalb von Browsern auf mobilen Ger\u00e4ten, klicken Sie bitte diesen Link, um die Erfassung durch Google Analytics innerhalb dieser Website zuk\u00fcnftig zu verhindern. Dabei wird ein Opt-Out-Cookie auf Ihrem Ger\u00e4t abgelegt. L\u00f6schen Sie Ihre Cookies, m\u00fcssen Sie diesen Link erneut klicken.<\/p>\n<p><strong>10. Verwendung von Social Plugins<\/strong><\/p>\n<p>Die Website verwendet Social Plugins (\u201ePlugins\u201c) der sozialen Netzwerke (gemeinsam \u201esoziale Netzwerke\u201c)<\/p>\n<p>facebook.com, welche von der Facebook Ireland Ltd., 4 Grand Canal Square, Grand Canal Harbour, Dublin 2, Irland betrieben werden (\u201eFacebook\u201c). Diese Plugins sind an einem der Facebook Logos erkennbar (wei\u00dfes \u201ef\u201c auf blauer Kachel, den Begriffen \u201eLike\u201c, \u201eGef\u00e4llt mir\u201c oder einem \u201eDaumen hoch\u201c-Zeichen) oder sind mit dem Zusatz \u201eFacebook Social Plugin\u201c gekennzeichnet. Die Liste und das Aussehen der Facebook Social Plugins kann hier eingesehen werden: https:\/\/developers.facebook.com\/docs\/plugins;<\/p>\n<p>twitter.com, welche durch die Twitter Inc., 795 Folsom St., Suite 600, San Francisco, CA 94107, USA angeboten warden (\u201eTwitter\u201c). Diese Plugins sind an Begriffen wie \u201eTwitter\u201c oder \u201eFolge\u201c, verbunden mit einem stilisierten blauen Vogel, erkennbar. Die Liste und das Aussehen der Twitter Social Plugins kann hier eingesehen werden: https:\/\/about.twitter.com\/resources\/buttons<\/p>\n<p>instagram.com, welche durch Instagram, LLC, 1601 Willow Road, Menlo Park, CA 94025, USA angeboten werden (\u201eInstagram\u201c). Dieses Plugin ist an Begriffen wie \u201eInstagram\u201c, verbunden mit einem stillisierten Kamerasymbol, erkennbar. Die Liste und das Aussehen des Instagram Social Plugins kann hier eingesehen werden: https:\/\/www.instagram.com\/developer\/embedding\/<\/p>\n<p>Im Interesse eines m\u00f6glichst umfassenden Schutzes Ihrer Daten erfolgt ein Datentransfer \u00fcber Social Plugins zu dem jeweiligen Betreiber des sozialen Netzwerks nicht ohne Ihre vorherige Zustimmung.<\/p>\n<p>Ein Klick auf den Button \u201eIch stimme zu\u201c in unserem Banner bedeutet, dass Sie Ihre Zustimmung zur \u00dcbermittlung Ihrer personenbezogenen Daten an den jeweiligen Betreiber des sozialen Netzwerks erteilen.<\/p>\n<p>Wenn ein Nutzer eine Seite der Website aufruft, die ein Plugin enth\u00e4lt, baut sein Browser eine direkte Verbindung mit den Servern des sozialen Netzwerks auf. Der Inhalt der Plugins wird dabei vom jeweiligen Betreiber des sozialen Netzwerks direkt an Ihren Browser \u00fcbermittelt und von diesem in die Webseite eingebunden. EventConnect hat daher keinen Einfluss auf den Umfang der Daten, die der jeweilige Betreiber der sozialen Netzwerke mit Hilfe dieses Plugins erhebt und informiert die Nutzer daher entsprechend seinem aktuellen Kenntnisstand wie folgt:<\/p>\n<p>Nach unserem Kenntnisstand erhalten die sozialen Netzwerke \u00fcber ihre Plugins Informationen dar\u00fcber, welche unserer Webseiten Sie aktuell und zuvor aufgerufen haben. Durch die Plugins wird bei jedem Aufruf der betreffenden Webseite ein Cookie mit einer eindeutigen Kennung gesetzt. Hierdurch kann das soziale Netzwerk in die Lage versetzt werden, ein Profil \u00fcber Ihr Nutzungsverhalten zu erstellen. Es ist nicht auszuschlie\u00dfen, dass Ihnen ein solches Profil auch im Fall einer sp\u00e4teren erstmaligen Registrierung bei dem sozialen Netzwerk zugeordnet werden kann. Durch die Einbindung der Plugins erh\u00e4lt das soziale Netzwerk somit die Information, dass ein Nutzer die entsprechende Seite der Website aufgerufen hat. Ist der Nutzer beim sozialen Netzwerk eingeloggt, kann der Betreiber des sozialen Netzwerks den Besuch der Website Ihrem pers\u00f6nlichen Konto zuordnen. Wenn Nutzer mit den Plugins interagieren, zum Beispiel den Like Button bet\u00e4tigen oder einen Kommentar abgeben, wird die entsprechende Information von Ihrem Browser direkt an den Betreiber des sozialen Netzwerks \u00fcbermittelt und dort gespeichert. Falls ein Nutzer kein Mitglied eines sozialen Netzwerks ist, besteht trotzdem die M\u00f6glichkeit, dass der Betreiber des sozialen Netzwerks seine IP-Adresse sowie Informationen \u00fcber den von Ihnen genutzten Browser und das von Ihnen genutzte Betriebssystem in Erfahrung bringt und speichert.<\/p>\n<p>Weitere Informationen zu Plugins, dem Zweck und Umfang der Datenerhebung und die weitere Verarbeitung und Nutzung der Daten durch die Betreiber der sozialen Netzwerke sowie die diesbez\u00fcglichen Rechte und Einstellungsm\u00f6glichkeiten zum Schutz Ihrer Privatsph\u00e4re, k\u00f6nnen Sie den folgenden Datenschutzhinweisen entnehmen: https:\/\/www.facebook.com\/about\/privacy\/; http:\/\/twitter.com\/privacy.<\/p>\n<p>Wenn ein Nutzer Mitglied eines sozialen Netzwerks ist und nicht m\u00f6chte, dass der Betreiber des sozialen Netzwerks \u00fcber den Besuch dieser Website Daten \u00fcber den Nutzer sammelt und mit seinen beim sozialen Netzwerk gespeicherten Mitgliedsdaten verkn\u00fcpft, sollte er sich vor dem Besuch der Website beim sozialen Netzwerk ausloggen oder entsprechende Add-ons f\u00fcr den vom Nutzer verwendeten Browser einsetzen (z.B. \u201eFacebook Blocker\u201c). F\u00fcr die Effektivit\u00e4t solcher L\u00f6sungen kann EventConnect allerdings keine Gew\u00e4hr \u00fcbernehmen.<\/p>\n<p><strong>11. Recht auf Auskunft, Richtigstellung und L\u00f6schung<\/strong><\/p>\n<p>Sofern Sie dies schriftlich unter Nachweis Ihrer Identit\u00e4t verlangen, haben Sie ein Recht auf unentgeltliche Auskunft \u00fcber die von EventConnect \u00fcber Sie verarbeiteten personenbezogenen Daten (\u00a7 26 DSG). Zus\u00e4tzlich haben Sie das Recht auf Berichtigung unrichtiger Daten und L\u00f6schung (\u00a7 27 DSG). Bei diesbez\u00fcglichen oder sonstigen Fragen wenden Sie sich bitte an EventConnect, Niklas Waclawek, Hofj\u00e4gerstrasse 8\/2\/9, 1130 Wien, \u00d6sterreich, Telefon: +43 1 922 54 59, E-Mail: head@eventconnect.at.<\/p>\n<p><strong>12. Sicherheit<\/strong><\/p>\n<p>EventConnect trifft angemessene technische und organisatorische Sicherheitsma\u00dfnahmen im Sinne des \u00a7 14 DSG, um Ihre personenbezogenen Daten gegen unbeabsichtigte oder unrechtm\u00e4\u00dfige L\u00f6schung, Ver\u00e4nderung oder gegen Verlust und gegen unberechtigte Weitergabe oder unberechtigten Zugriff zu sch\u00fctzen. Dar\u00fcber hinaus ist EventConnect und seine Mitarbeiter zur Einhaltung des Datengeheimnisses nach \u00a7 15 DSG verpflichtet. Wenn Sie innerhalb unserer Website Seiten und Dateien abrufen und dabei aufgefordert werden, Daten \u00fcber sich einzugeben, so weisen wir darauf hin, dass wir in Hinblick auf die bestehenden Sicherheitsrisiken im Internet keine vollst\u00e4ndige Sicherheit f\u00fcr die Vertraulichkeit diese Daten\u00fcbertragung \u00fcber das Internet gew\u00e4hrleisten k\u00f6nnen.<\/p>\n<p><strong>13. Schlussbestimmungen<\/strong><\/p>\n<p>Im Zuge der Weiterentwicklung des Internets wird EventConnect auch seine Datenschutzhinweise laufend anpassen. \u00c4nderungen wird EventConnect auf dieser Website rechtzeitig bekannt geben. Daher sollten Sie diese Datenschutzhinweise regelm\u00e4\u00dfig aufrufen, um sich \u00fcber den aktuellen Stand zu informieren.<\/p>\n<\/div>\n<div class=\"\" data-type=\"column\"><img decoding=\"async\" class=\"about-image-img-pro\" src=\"https:\/\/www.lichtwerk.co.at\/wp-content\/plugins\/one-page-express-companion\/theme-data\/one-page-express\/sections\/images\/ir5likvfqc4-william-iven-1920x1275.jpg\" \/><\/div>\n<\/div>\n<\/div>\n<\/div><\/div><\/div><\/div><\/div>","protected":false},"excerpt":{"rendered":"<p>DATENSCHUTZ \u201eDSGVO\u201c 1. Geltungsbereich EventConnect, Niklas Waclawek, Hofj\u00e4gerstrasse 8\/2\/9, 1130 Wien, \u00d6sterreich, Telefon: +43 1 922 54 59, E-Mail: head@eventconnect.at (\u201eEventconnect\u201c, \u201ewir\u201c, \u201euns\u201c) ist es ein wichtiges Anliegen, Ihre personenbezogenen Daten ausreichend zu sch\u00fctzen. EventConnect beachtet deshalb die anwendbaren Rechtsvorschriften zum Schutz, rechtm\u00e4\u00dfigen Umgang und Geheimhaltung personenbezogener Daten, sowie auch zur Datensicherheit. Diese Datenschutzerkl\u00e4rung kl\u00e4rt&hellip; <br \/> <a class=\"button small blue\" href=\"https:\/\/www.lichtwerk.co.at\/index.php\/dsgvo\/\">Weiterlesen<\/a><\/p>\n","protected":false},"author":1,"featured_media":0,"parent":0,"menu_order":0,"comment_status":"closed","ping_status":"closed","template":"full-width-page.php","meta":{"footnotes":""},"class_list":["post-306","page","type-page","status-publish","hentry"],"_links":{"self":[{"href":"https:\/\/www.lichtwerk.co.at\/index.php\/wp-json\/wp\/v2\/pages\/306"}],"collection":[{"href":"https:\/\/www.lichtwerk.co.at\/index.php\/wp-json\/wp\/v2\/pages"}],"about":[{"href":"https:\/\/www.lichtwerk.co.at\/index.php\/wp-json\/wp\/v2\/types\/page"}],"author":[{"embeddable":true,"href":"https:\/\/www.lichtwerk.co.at\/index.php\/wp-json\/wp\/v2\/users\/1"}],"replies":[{"embeddable":true,"href":"https:\/\/www.lichtwerk.co.at\/index.php\/wp-json\/wp\/v2\/comments?post=306"}],"version-history":[{"count":25,"href":"https:\/\/www.lichtwerk.co.at\/index.php\/wp-json\/wp\/v2\/pages\/306\/revisions"}],"predecessor-version":[{"id":5303,"href":"https:\/\/www.lichtwerk.co.at\/index.php\/wp-json\/wp\/v2\/pages\/306\/revisions\/5303"}],"wp:attachment":[{"href":"https:\/\/www.lichtwerk.co.at\/index.php\/wp-json\/wp\/v2\/media?parent=306"}],"curies":[{"name":"wp","href":"https:\/\/api.w.org\/{rel}","templated":true}]}}