{"id":1030,"date":"2019-11-01T18:29:16","date_gmt":"2019-11-01T17:29:16","guid":{"rendered":"http:\/\/www.lichtwerk.co.at\/?page_id=1030"},"modified":"2019-11-07T19:43:30","modified_gmt":"2019-11-07T18:43:30","slug":"miete-dry-hire","status":"publish","type":"page","link":"https:\/\/www.lichtwerk.co.at\/index.php\/miete-dry-hire\/","title":{"rendered":"Miete \/ Dry Hire"},"content":{"rendered":"<div  data-label=\"Features\" data-id=\"features-coloured-icon-boxes-section\" data-category=\"features\" class=\"features-coloured-icon-boxes-section\" id=\"features-1\" style=\"background-color: rgb(255, 255, 255);\"> <div  class=\"gridContainer\"> <div  class=\"features-coloured-icon-boxes-textrow\"> <div  class=\"features-coloured-icon-boxes-textcol dynamic-color\" data-type=\"column\"> <h2  class=\"\">EASYLUM f\u00fcr Ihr Event mieten.<\/h2> <p  class=\"\">Rufen Sie uns einfach an oder schreiben Sie uns eine Nachricht. Wir sind gerne f\u00fcr Sie da!\n<br ><br >\n<span  style=\"font-weight: 500;\">0676 373 82 02<\/span><br >\n<span  style=\"font-weight: 100;\">Mo.-Fr. 08:00 \u2013 17:00 Uhr<\/span><\/p> <a  class=\"button color4\" href=\"https:\/\/www.lichtwerk.co.at\/index.php\/kontakt\" target=\"_self\" data-icon=\"\">Zum Kontaktformular<\/a><\/div> <\/div> <div  class=\"features-coloured-icon-boxes-innerrow flexbox-list dark-text\" data-type=\"row\"> <div  class=\"features-coloured-icon-boxes-featurecol cp6cols-tablet cp3cols\"> <div  class=\"features-coloured-icon-boxes-iconcontainer\" data-content-item-container=\"true\"> <i  data-cp-fa=\"true\" class=\"features-coloured-icon fa fa-bolt\"><\/i> <\/div> <h4  class=\"\">Einsatzbereit<\/h4> <p  class=\"\">Fertig geladen in wenigen Sekunden einsatzbereit<\/p>  <\/div> <div  class=\"features-coloured-icon-boxes-featurecol cp6cols-tablet cp3cols\"> <div  class=\"features-coloured-icon-boxes-iconcontainer\" data-content-item-container=\"true\"> <i  data-cp-fa=\"true\" class=\"features-coloured-icon fa fa-cloud\"><\/i> <\/div> <h4  class=\"\">Fernbedienung<\/h4> <p  class=\"\">2.4Ghz Fernbedienung on board\n<br >mit 4 Gruppen<\/p>  <\/div> <div  class=\"features-coloured-icon-boxes-featurecol cp6cols-tablet cp3cols\"> <div  class=\"features-coloured-icon-boxes-iconcontainer\" data-content-item-container=\"true\"> <i  data-cp-fa=\"true\" class=\"features-coloured-icon fa fa-signal\"><\/i> <\/div> <h4  class=\"\">delivery service<\/h4> <p  class=\"\">Gratis\n<br >Lieferung und Abholung in Wien<\/p>  <\/div> <div  class=\"features-coloured-icon-boxes-featurecol cp6cols-tablet cp3cols\"> <div  class=\"features-coloured-icon-boxes-iconcontainer\" data-content-item-container=\"true\"> <i  data-cp-fa=\"true\" class=\"features-coloured-icon fa fa-pie-chart\"><\/i> <\/div> <h4  class=\"\">Kosteng\u00fcnstig<\/h4> <p  class=\"\">24 Stunden\n<br >Langzeitmiete<\/p>  <\/div> <\/div> <\/div><\/div><div  data-label=\"Pricing-tables\" data-id=\"pricing-black-white-section\" data-category=\"pricing-tables\" class=\"pricing-black-white-section\" data-featured-class=\"pricing-featured\" id=\"pricing-tables-1\" style=\"background-color: rgb(255, 255, 255); background-image: none;\" data-ovid=\"ovid-pricing-tables-1-133\"> <div  class=\"gridContainer\"> <div  class=\"section-title-col dynamic-color\" data-type=\"column\"><img decoding=\"async\"  class=\"custom-image\" src=\"https:\/\/www.lichtwerk.co.at\/wp-content\/uploads\/2019\/10\/cropped-easylum_logo_bunt764x175-5.png\" scale=\"0\">   <\/div> <div  class=\"pricing-black-white-row row\" data-type=\"row\"> <div  class=\"pricing-black-white-itemcol cp4cols cp6cols-tablet\"> <div  class=\"pricing-black-white-itemcard\" data-type=\"column\"> <div  class=\"pricing-featured-tag\"> <a  class=\"pricing-black-white-popular-tag\" href=\"#\"> POPULAR <\/a> <\/div> <h4  class=\"pricing-black-white-title\"> Basic <\/h4> <p  class=\"pricing-black-white-description\">10er Set<\/p> <p  class=\"pricing-black-white-pricetext\"> <span  class=\"pricing-black-white-price-currency\" href=\"#\"> \u20ac <\/span> 180 <span  class=\"pricing-black-white-price-period\"> \/ Tag. <\/span> <\/p>   <\/div> <\/div> <div  class=\"pricing-black-white-itemcol pricing-featured cp4cols cp6cols-tablet\"> <div  class=\"pricing-black-white-itemcard\" data-type=\"column\"> <div  class=\"pricing-featured-tag\"> <a  class=\"pricing-black-white-popular-tag\" href=\"#\"> POPULAR <\/a> <\/div> <h4  class=\"pricing-black-white-title\"> Premium <\/h4> <p  class=\"pricing-black-white-description\">20er Set<\/p> <p  class=\"pricing-black-white-pricetext\"> <span  class=\"pricing-black-white-price-currency\" href=\"#\"> \u20ac <\/span> 280 <span  class=\"pricing-black-white-price-period\"> \/ Tag. <\/span> <\/p>   <img decoding=\"async\"  class=\"custom-image\" src=\"https:\/\/www.lichtwerk.co.at\/wp-content\/uploads\/2019\/10\/rental.jpg\" scale=\"0\"><\/div> <\/div> <div  class=\"pricing-black-white-itemcol cp4cols cp6cols-tablet\"> <div  class=\"pricing-black-white-itemcard\" data-type=\"column\"> <div  class=\"pricing-featured-tag\"> <a  class=\"pricing-black-white-popular-tag\" href=\"#\"> POPULAR <\/a> <\/div> <h4  class=\"pricing-black-white-title\"> Ultimate <\/h4> <p  class=\"pricing-black-white-description\">40er Set<\/p> <p  class=\"pricing-black-white-pricetext\"> <span  class=\"pricing-black-white-price-currency\" href=\"#\"> \u20ac&nbsp;<\/span> 550 <span  class=\"pricing-black-white-price-period\"> \/ Tag. <\/span> <\/p>   <\/div> <\/div> <\/div> <\/div> <\/div><div  data-label=\"Pricing-tables\" data-id=\"pricing-simple-section\" data-category=\"pricing-tables\" class=\"pricing-simple-section\" id=\"pricing-tables-4\" style=\"background-color: rgb(246, 246, 246);\"> <div  class=\"gridContainer\"> <div  class=\"section-title-col dynamic-color\" data-type=\"column\"> <h2  class=\"\">Langzeitmiete<\/h2> <p  class=\"\"><span  style=\"font-weight: 400;\">EASYLUM<\/span> k\u00f6nnen auch \u00fcber einen l\u00e4ngeren Zeitraum angemietet werden.<br ><br >Tagesmiete x Faktor = Langzeitmiete<\/p> <\/div> <div  class=\"row\" data-type=\"row\"> <div  class=\"pricing-simple-itemcol cp4cols cp6cols-tablet\"> <div  class=\"pricing-simple-itemcard\" data-type=\"column\"> <h4  class=\"\"><span  style=\"font-weight: 300;\"><\/span>Kosteng\u00fcnstig durch das Wochenende<\/h4> <hr  class=\"pricing-simple-separator\">        <p  class=\"\">F\u00fcr Mieteins\u00e4tze, die l\u00e4nger als einen Tag dauern, erhalten Sie bereits ab dem zweiten Tag Langzeitmieten.<\/p><\/div> <\/div> <div  class=\"pricing-simple-itemcol cp4cols cp6cols-tablet\"> <div  class=\"pricing-simple-itemcard\" data-type=\"column\"> <h4  class=\"\">1-15 Tage<span  style=\"font-weight: 300;\"><\/span><\/h4> <hr  class=\"pricing-simple-separator\">        <p  class=\"\">1 Tag 1<br >\n2 Tage 1,5<br >\n3 Tage 2<br >\n4 Tage 2,5<br >\n5 Tage 2,9<br >\n6 Tage 3,3<br >\n7 Tage 3,7<br >\n8 Tage 4,2<br >\n9 Tage 4,6<br >\n10 Tage 5<br >\n11 Tage 5,4<br >\n12 Tage 5,8<br >\n13 Tage 6,1<br >\n14 Tage 6,4<br >\n15 Tage 6,8<\/p><\/div> <\/div> <div  class=\"pricing-simple-itemcol cp4cols cp6cols-tablet\"> <div  class=\"pricing-simple-itemcard\" data-type=\"column\"> <h4  class=\"\">16-30 Tage<br ><span  style=\"font-weight: 300;\"><\/span><\/h4>    <hr  class=\"pricing-simple-separator\">     <p  class=\"\">&nbsp;16 Tage 7<br >\n17 Tage 7,3<br >\n18 Tage 7,5<br >\n19 Tage 7,8<br >\n20 Tage 7,9<br >\n21 Tage 8,1<br >\n22 Tage 8,2<br >\n23 Tage 8,3<br >\n24 Tage 8,4<br >\n25 Tage 8,5<br >\n26 Tage 8,6<br >\n27 Tage 8,7<br >\n28 Tage 8,8<br >\n29 Tage 8,9<br >\n30 Tage 9<\/p><\/div> <\/div> <\/div> <\/div> <\/div>","protected":false},"excerpt":{"rendered":"<p>EASYLUM f\u00fcr Ihr Event mieten. Rufen Sie uns einfach an oder schreiben Sie uns eine Nachricht. Wir sind gerne f\u00fcr Sie da! 0676 373 82 02 Mo.-Fr. 08:00 \u2013 17:00 Uhr Zum Kontaktformular Einsatzbereit Fertig geladen in wenigen Sekunden einsatzbereit Fernbedienung 2.4Ghz Fernbedienung on board mit 4 Gruppen delivery service Gratis Lieferung und Abholung in&hellip; <br \/> <a class=\"button small blue\" href=\"https:\/\/www.lichtwerk.co.at\/index.php\/miete-dry-hire\/\">Weiterlesen<\/a><\/p>\n","protected":false},"author":1,"featured_media":0,"parent":0,"menu_order":0,"comment_status":"closed","ping_status":"closed","template":"full-width-page.php","meta":{"footnotes":""},"class_list":["post-1030","page","type-page","status-publish","hentry"],"_links":{"self":[{"href":"https:\/\/www.lichtwerk.co.at\/index.php\/wp-json\/wp\/v2\/pages\/1030"}],"collection":[{"href":"https:\/\/www.lichtwerk.co.at\/index.php\/wp-json\/wp\/v2\/pages"}],"about":[{"href":"https:\/\/www.lichtwerk.co.at\/index.php\/wp-json\/wp\/v2\/types\/page"}],"author":[{"embeddable":true,"href":"https:\/\/www.lichtwerk.co.at\/index.php\/wp-json\/wp\/v2\/users\/1"}],"replies":[{"embeddable":true,"href":"https:\/\/www.lichtwerk.co.at\/index.php\/wp-json\/wp\/v2\/comments?post=1030"}],"version-history":[{"count":25,"href":"https:\/\/www.lichtwerk.co.at\/index.php\/wp-json\/wp\/v2\/pages\/1030\/revisions"}],"predecessor-version":[{"id":1288,"href":"https:\/\/www.lichtwerk.co.at\/index.php\/wp-json\/wp\/v2\/pages\/1030\/revisions\/1288"}],"wp:attachment":[{"href":"https:\/\/www.lichtwerk.co.at\/index.php\/wp-json\/wp\/v2\/media?parent=1030"}],"curies":[{"name":"wp","href":"https:\/\/api.w.org\/{rel}","templated":true}]}}